{"id":1923,"date":"2021-07-09T10:15:41","date_gmt":"2021-07-09T10:15:41","guid":{"rendered":"https:\/\/www.afminvest.cz\/?page_id=1923"},"modified":"2022-12-11T20:44:41","modified_gmt":"2022-12-11T20:44:41","slug":"home","status":"publish","type":"page","link":"https:\/\/www.afminvest.cz\/","title":{"rendered":"Home"},"content":{"rendered":"\t\t<div data-elementor-type=\"wp-page\" data-elementor-id=\"1923\" class=\"elementor elementor-1923\">\n\t\t\t\t\t\t<section class=\"elementor-section elementor-top-section elementor-element elementor-element-d498539 elementor-section-boxed elementor-section-height-default elementor-section-height-default\" data-id=\"d498539\" data-element_type=\"section\" data-e-type=\"section\" data-settings=\"{&quot;background_background&quot;:&quot;classic&quot;}\">\n\t\t\t\t\t\t\t<div class=\"elementor-background-overlay\"><\/div>\n\t\t\t\t\t\t\t<div class=\"elementor-container elementor-column-gap-no\">\n\t\t\t\t\t<div class=\"elementor-column elementor-col-100 elementor-top-column elementor-element elementor-element-776f451\" data-id=\"776f451\" data-element_type=\"column\" data-e-type=\"column\">\n\t\t\t<div class=\"elementor-widget-wrap elementor-element-populated\">\n\t\t\t\t\t\t<div class=\"elementor-element elementor-element-e917e7d elementor-widget elementor-widget-icon-box\" data-id=\"e917e7d\" data-element_type=\"widget\" data-e-type=\"widget\" data-widget_type=\"icon-box.default\">\n\t\t\t\t<div class=\"elementor-widget-container\">\n\t\t\t\t\t\t\t<div class=\"elementor-icon-box-wrapper\">\n\n\t\t\t\n\t\t\t\t\t\t<div class=\"elementor-icon-box-content\">\n\n\t\t\t\t\t\t\t\t\t<h1 class=\"elementor-icon-box-title\">\n\t\t\t\t\t\t<span  >\n\t\t\t\t\t\t\tAFM Invest s. r. o.\t\t\t\t\t\t<\/span>\n\t\t\t\t\t<\/h1>\n\t\t\t\t\n\t\t\t\t\t\t\t\t\t<p class=\"elementor-icon-box-description\">\n\t\t\t\t\t\tV\u00e1\u0161 spolehliv\u00fd partner\t\t\t\t\t<\/p>\n\t\t\t\t\n\t\t\t<\/div>\n\t\t\t\n\t\t<\/div>\n\t\t\t\t\t\t<\/div>\n\t\t\t\t<\/div>\n\t\t\t\t\t<\/div>\n\t\t<\/div>\n\t\t\t\t\t<\/div>\n\t\t<\/section>\n\t\t\t\t<section class=\"elementor-section elementor-top-section elementor-element elementor-element-48c3c7f elementor-section-boxed elementor-section-height-default elementor-section-height-default\" data-id=\"48c3c7f\" data-element_type=\"section\" data-e-type=\"section\" data-settings=\"{&quot;background_background&quot;:&quot;classic&quot;}\">\n\t\t\t\t\t\t<div class=\"elementor-container elementor-column-gap-no\">\n\t\t\t\t\t<div class=\"elementor-column elementor-col-100 elementor-top-column elementor-element elementor-element-d641553\" data-id=\"d641553\" data-element_type=\"column\" data-e-type=\"column\" data-settings=\"{&quot;background_background&quot;:&quot;classic&quot;}\">\n\t\t\t<div class=\"elementor-widget-wrap elementor-element-populated\">\n\t\t\t\t\t\t<section class=\"elementor-section elementor-inner-section elementor-element elementor-element-8106ad1 elementor-section-boxed elementor-section-height-default elementor-section-height-default\" data-id=\"8106ad1\" data-element_type=\"section\" data-e-type=\"section\">\n\t\t\t\t\t\t<div class=\"elementor-container elementor-column-gap-default\">\n\t\t\t\t\t<div class=\"elementor-column elementor-col-33 elementor-inner-column elementor-element elementor-element-57f17c6\" data-id=\"57f17c6\" data-element_type=\"column\" data-e-type=\"column\" data-settings=\"{&quot;background_background&quot;:&quot;classic&quot;}\">\n\t\t\t<div class=\"elementor-widget-wrap elementor-element-populated\">\n\t\t\t\t\t\t<div class=\"elementor-element elementor-element-5fb013e elementor-view-default elementor-position-block-start elementor-mobile-position-block-start elementor-widget elementor-widget-icon-box\" data-id=\"5fb013e\" data-element_type=\"widget\" data-e-type=\"widget\" data-widget_type=\"icon-box.default\">\n\t\t\t\t<div class=\"elementor-widget-container\">\n\t\t\t\t\t\t\t<div class=\"elementor-icon-box-wrapper\">\n\n\t\t\t\t\t\t<div class=\"elementor-icon-box-icon\">\n\t\t\t\t<a href=\"https:\/\/www.afminvest.cz\/?page_id=61\" class=\"elementor-icon\" tabindex=\"-1\" aria-label=\"Energetika\">\n\t\t\t\t<svg xmlns=\"http:\/\/www.w3.org\/2000\/svg\" xmlns:xlink=\"http:\/\/www.w3.org\/1999\/xlink\" id=\"Capa_1\" x=\"0px\" y=\"0px\" viewBox=\"0 0 612.002 612.002\" style=\"enable-background:new 0 0 612.002 612.002;\" xml:space=\"preserve\"><g>\t<g>\t\t<path d=\"M611.567,370.172c-15.485-104.763-30.977-209.528-46.472-314.286c-3.239-21.938-21.6-38.483-42.711-38.483H89.621   c-21.104,0-39.467,16.539-42.715,38.477l-8.119,54.91c-12.779,86.46-25.56,172.921-38.351,259.374   c-1.698,11.465,1.61,23,9.075,31.651c7.806,9.046,19.478,14.233,32.024,14.233h86.416l81.462,84.521h-44.902   c-6.075,0-11.35,4.708-12.265,10.942l-10.309,69.7c-0.489,3.356,0.492,6.735,2.686,9.268c2.265,2.62,5.628,4.121,9.224,4.121   h304.305c3.605,0,6.971-1.506,9.238-4.133c2.19-2.54,3.165-5.919,2.668-9.279l-10.3-69.652   c-0.908-6.25-6.181-10.966-12.265-10.966h-44.903l81.46-84.521h86.415c12.543,0,24.216-5.187,32.022-14.232   C609.953,393.166,613.263,381.633,611.567,370.172z M308.865,500.569h-5.722l-81.46-84.521h168.639L308.865,500.569z    M52.305,365.435c12.192-82.413,24.374-164.828,36.556-247.243l7.414-50.175h419.452c14.66,99.139,29.318,198.279,43.974,297.418   H52.305z\"><\/path>\t\t<polygon points=\"356.566,96.844 252.065,96.844 248.42,201.915 360.211,201.915   \"><\/polygon>\t\t<path d=\"M388.532,229.269l3.643,105.065h123.039c-5.178-35.023-10.36-70.042-15.534-105.065L388.532,229.269L388.532,229.269z\"><\/path>\t\t<polygon points=\"247.472,229.269 243.831,334.335 364.806,334.335 361.159,229.269   \"><\/polygon>\t\t<path d=\"M480.101,96.844h-96.167l3.647,105.071h108.053C490.459,166.888,485.279,131.867,480.101,96.844z\"><\/path>\t\t<path d=\"M119.984,154.651c-2.324,15.756-4.655,31.51-6.98,47.264h108.049l3.645-105.071h-96.162L119.984,154.651z\"><\/path>\t\t<path d=\"M93.418,334.335h123.039l3.648-105.065H108.952C103.778,264.292,98.6,299.312,93.418,334.335z\"><\/path>\t<\/g><\/g><g><\/g><g><\/g><g><\/g><g><\/g><g><\/g><g><\/g><g><\/g><g><\/g><g><\/g><g><\/g><g><\/g><g><\/g><g><\/g><g><\/g><g><\/g><\/svg>\t\t\t\t<\/a>\n\t\t\t<\/div>\n\t\t\t\n\t\t\t\t\t\t<div class=\"elementor-icon-box-content\">\n\n\t\t\t\t\t\t\t\t\t<h6 class=\"elementor-icon-box-title\">\n\t\t\t\t\t\t<a href=\"https:\/\/www.afminvest.cz\/?page_id=61\" >\n\t\t\t\t\t\t\tEnergetika\t\t\t\t\t\t<\/a>\n\t\t\t\t\t<\/h6>\n\t\t\t\t\n\t\t\t\t\n\t\t\t<\/div>\n\t\t\t\n\t\t<\/div>\n\t\t\t\t\t\t<\/div>\n\t\t\t\t<\/div>\n\t\t\t\t\t<\/div>\n\t\t<\/div>\n\t\t\t\t<div class=\"elementor-column elementor-col-33 elementor-inner-column elementor-element elementor-element-c7eb082\" data-id=\"c7eb082\" data-element_type=\"column\" data-e-type=\"column\" data-settings=\"{&quot;background_background&quot;:&quot;classic&quot;}\">\n\t\t\t<div class=\"elementor-widget-wrap elementor-element-populated\">\n\t\t\t\t\t\t<div class=\"elementor-element elementor-element-68d3712 elementor-view-default elementor-position-block-start elementor-mobile-position-block-start elementor-widget elementor-widget-icon-box\" data-id=\"68d3712\" data-element_type=\"widget\" data-e-type=\"widget\" data-widget_type=\"icon-box.default\">\n\t\t\t\t<div class=\"elementor-widget-container\">\n\t\t\t\t\t\t\t<div class=\"elementor-icon-box-wrapper\">\n\n\t\t\t\t\t\t<div class=\"elementor-icon-box-icon\">\n\t\t\t\t<a href=\"https:\/\/www.afminvest.cz\/?page_id=42\" class=\"elementor-icon\" tabindex=\"-1\" aria-label=\"Stavebnictv\u00ed\">\n\t\t\t\t<svg xmlns=\"http:\/\/www.w3.org\/2000\/svg\" xmlns:xlink=\"http:\/\/www.w3.org\/1999\/xlink\" id=\"Capa_1\" x=\"0px\" y=\"0px\" viewBox=\"0 0 486.196 486.196\" style=\"enable-background:new 0 0 486.196 486.196;\" xml:space=\"preserve\"><g>\t<path d=\"M481.708,220.456l-228.8-204.6c-0.4-0.4-0.8-0.7-1.3-1c-5-4.8-13-5-18.3-0.3l-228.8,204.6c-5.6,5-6,13.5-1.1,19.1  c2.7,3,6.4,4.5,10.1,4.5c3.2,0,6.4-1.1,9-3.4l41.2-36.9v7.2v106.8v124.6c0,18.7,15.2,34,34,34c0.3,0,0.5,0,0.8,0s0.5,0,0.8,0h70.6  c17.6,0,31.9-14.3,31.9-31.9v-121.3c0-2.7,2.2-4.9,4.9-4.9h72.9c2.7,0,4.9,2.2,4.9,4.9v121.3c0,17.6,14.3,31.9,31.9,31.9h72.2  c19,0,34-18.7,34-42.6v-111.2v-34v-83.5l41.2,36.9c2.6,2.3,5.8,3.4,9,3.4c3.7,0,7.4-1.5,10.1-4.5  C487.708,233.956,487.208,225.456,481.708,220.456z M395.508,287.156v34v111.1c0,9.7-4.8,15.6-7,15.6h-72.2c-2.7,0-4.9-2.2-4.9-4.9  v-121.1c0-17.6-14.3-31.9-31.9-31.9h-72.9c-17.6,0-31.9,14.3-31.9,31.9v121.3c0,2.7-2.2,4.9-4.9,4.9h-70.6c-0.3,0-0.5,0-0.8,0  s-0.5,0-0.8,0c-3.8,0-7-3.1-7-7v-124.7v-106.8v-31.3l151.8-135.6l153.1,136.9L395.508,287.156L395.508,287.156z\"><\/path><\/g><g><\/g><g><\/g><g><\/g><g><\/g><g><\/g><g><\/g><g><\/g><g><\/g><g><\/g><g><\/g><g><\/g><g><\/g><g><\/g><g><\/g><g><\/g><\/svg>\t\t\t\t<\/a>\n\t\t\t<\/div>\n\t\t\t\n\t\t\t\t\t\t<div class=\"elementor-icon-box-content\">\n\n\t\t\t\t\t\t\t\t\t<h6 class=\"elementor-icon-box-title\">\n\t\t\t\t\t\t<a href=\"https:\/\/www.afminvest.cz\/?page_id=42\" >\n\t\t\t\t\t\t\tStavebnictv\u00ed\t\t\t\t\t\t<\/a>\n\t\t\t\t\t<\/h6>\n\t\t\t\t\n\t\t\t\t\n\t\t\t<\/div>\n\t\t\t\n\t\t<\/div>\n\t\t\t\t\t\t<\/div>\n\t\t\t\t<\/div>\n\t\t\t\t\t<\/div>\n\t\t<\/div>\n\t\t\t\t<div class=\"elementor-column elementor-col-33 elementor-inner-column elementor-element elementor-element-75406e0\" data-id=\"75406e0\" data-element_type=\"column\" data-e-type=\"column\" data-settings=\"{&quot;background_background&quot;:&quot;classic&quot;}\">\n\t\t\t<div class=\"elementor-widget-wrap elementor-element-populated\">\n\t\t\t\t\t\t<div class=\"elementor-element elementor-element-8e764c9 elementor-view-default elementor-position-block-start elementor-mobile-position-block-start elementor-widget elementor-widget-icon-box\" data-id=\"8e764c9\" data-element_type=\"widget\" data-e-type=\"widget\" data-widget_type=\"icon-box.default\">\n\t\t\t\t<div class=\"elementor-widget-container\">\n\t\t\t\t\t\t\t<div class=\"elementor-icon-box-wrapper\">\n\n\t\t\t\t\t\t<div class=\"elementor-icon-box-icon\">\n\t\t\t\t<a href=\"https:\/\/www.afminvest.cz\/?page_id=44\" class=\"elementor-icon\" tabindex=\"-1\" aria-label=\"Pracovn\u00ed agentura\">\n\t\t\t\t<i aria-hidden=\"true\" class=\"far fa-user\"><\/i>\t\t\t\t<\/a>\n\t\t\t<\/div>\n\t\t\t\n\t\t\t\t\t\t<div class=\"elementor-icon-box-content\">\n\n\t\t\t\t\t\t\t\t\t<h6 class=\"elementor-icon-box-title\">\n\t\t\t\t\t\t<a href=\"https:\/\/www.afminvest.cz\/?page_id=44\" >\n\t\t\t\t\t\t\tPracovn\u00ed agentura\t\t\t\t\t\t<\/a>\n\t\t\t\t\t<\/h6>\n\t\t\t\t\n\t\t\t\t\n\t\t\t<\/div>\n\t\t\t\n\t\t<\/div>\n\t\t\t\t\t\t<\/div>\n\t\t\t\t<\/div>\n\t\t\t\t\t<\/div>\n\t\t<\/div>\n\t\t\t\t\t<\/div>\n\t\t<\/section>\n\t\t\t\t\t<\/div>\n\t\t<\/div>\n\t\t\t\t\t<\/div>\n\t\t<\/section>\n\t\t\t\t<section class=\"elementor-section elementor-top-section elementor-element elementor-element-4da7a6a elementor-section-boxed elementor-section-height-default elementor-section-height-default\" data-id=\"4da7a6a\" data-element_type=\"section\" data-e-type=\"section\" data-settings=\"{&quot;background_background&quot;:&quot;classic&quot;}\">\n\t\t\t\t\t\t<div class=\"elementor-container elementor-column-gap-default\">\n\t\t\t\t\t<div class=\"elementor-column elementor-col-50 elementor-top-column elementor-element elementor-element-933615d\" data-id=\"933615d\" data-element_type=\"column\" data-e-type=\"column\" data-settings=\"{&quot;background_background&quot;:&quot;classic&quot;}\">\n\t\t\t<div class=\"elementor-widget-wrap elementor-element-populated\">\n\t\t\t\t\t\t<div class=\"elementor-element elementor-element-ffb3acc elementor-widget elementor-widget-heading\" data-id=\"ffb3acc\" data-element_type=\"widget\" data-e-type=\"widget\" data-widget_type=\"heading.default\">\n\t\t\t\t<div class=\"elementor-widget-container\">\n\t\t\t\t\t<h2 class=\"elementor-heading-title elementor-size-default\">O n\u00e1s<\/h2>\t\t\t\t<\/div>\n\t\t\t\t<\/div>\n\t\t\t\t<div class=\"elementor-element elementor-element-66df562 elementor-widget elementor-widget-text-editor\" data-id=\"66df562\" data-element_type=\"widget\" data-e-type=\"widget\" data-widget_type=\"text-editor.default\">\n\t\t\t\t<div class=\"elementor-widget-container\">\n\t\t\t\t\t\t\t\t\t<p>AFM Invest s. r. o. <br \/>je stavebn\u00ed spole\u010dnost zab\u00fdvaj\u00edc\u00ed se realizac\u00ed fotovoltaick\u00fdch syst\u00e9m\u016f, stavebnictv\u00edm a zprost\u0159edkov\u00e1n\u00edm zaj\u00edmav\u00fdch pracovn\u00edch p\u0159\u00edle\u017eitost\u00ed. <\/p>\t\t\t\t\t\t\t\t<\/div>\n\t\t\t\t<\/div>\n\t\t\t\t<div class=\"elementor-element elementor-element-2455f9a elementor-widget elementor-widget-button\" data-id=\"2455f9a\" data-element_type=\"widget\" data-e-type=\"widget\" data-widget_type=\"button.default\">\n\t\t\t\t<div class=\"elementor-widget-container\">\n\t\t\t\t\t\t\t\t\t<div class=\"elementor-button-wrapper\">\n\t\t\t\t\t<a class=\"elementor-button elementor-button-link elementor-size-sm\" href=\"https:\/\/www.afminvest.cz\/?page_id=79\">\n\t\t\t\t\t\t<span class=\"elementor-button-content-wrapper\">\n\t\t\t\t\t\t\t\t\t<span class=\"elementor-button-text\">V\u00edce <\/span>\n\t\t\t\t\t<\/span>\n\t\t\t\t\t<\/a>\n\t\t\t\t<\/div>\n\t\t\t\t\t\t\t\t<\/div>\n\t\t\t\t<\/div>\n\t\t\t\t\t<\/div>\n\t\t<\/div>\n\t\t\t\t<div class=\"elementor-column elementor-col-50 elementor-top-column elementor-element elementor-element-345dcc4\" data-id=\"345dcc4\" data-element_type=\"column\" data-e-type=\"column\">\n\t\t\t<div class=\"elementor-widget-wrap\">\n\t\t\t\t\t\t\t<\/div>\n\t\t<\/div>\n\t\t\t\t\t<\/div>\n\t\t<\/section>\n\t\t\t\t<section class=\"elementor-section elementor-top-section elementor-element elementor-element-0271bbf elementor-section-boxed elementor-section-height-default elementor-section-height-default\" data-id=\"0271bbf\" data-element_type=\"section\" data-e-type=\"section\" data-settings=\"{&quot;background_background&quot;:&quot;classic&quot;}\">\n\t\t\t\t\t\t<div class=\"elementor-container elementor-column-gap-default\">\n\t\t\t\t\t<div class=\"elementor-column elementor-col-33 elementor-top-column elementor-element elementor-element-4b7b2cd\" data-id=\"4b7b2cd\" data-element_type=\"column\" data-e-type=\"column\">\n\t\t\t<div class=\"elementor-widget-wrap elementor-element-populated\">\n\t\t\t\t\t\t<div class=\"elementor-element elementor-element-7afbd0e elementor-widget elementor-widget-image\" data-id=\"7afbd0e\" data-element_type=\"widget\" data-e-type=\"widget\" data-widget_type=\"image.default\">\n\t\t\t\t<div class=\"elementor-widget-container\">\n\t\t\t\t\t\t\t\t\t\t\t\t\t\t\t<img fetchpriority=\"high\" decoding=\"async\" width=\"2400\" height=\"1600\" src=\"https:\/\/www.afminvest.cz\/wp-content\/uploads\/2022\/12\/michael-wilson-Wp7wotWlbBk-unsplash.jpg\" class=\"attachment-full size-full wp-image-74\" alt=\"\" srcset=\"https:\/\/www.afminvest.cz\/wp-content\/uploads\/2022\/12\/michael-wilson-Wp7wotWlbBk-unsplash.jpg 2400w, https:\/\/www.afminvest.cz\/wp-content\/uploads\/2022\/12\/michael-wilson-Wp7wotWlbBk-unsplash-300x200.jpg 300w, https:\/\/www.afminvest.cz\/wp-content\/uploads\/2022\/12\/michael-wilson-Wp7wotWlbBk-unsplash-1024x683.jpg 1024w, https:\/\/www.afminvest.cz\/wp-content\/uploads\/2022\/12\/michael-wilson-Wp7wotWlbBk-unsplash-768x512.jpg 768w, https:\/\/www.afminvest.cz\/wp-content\/uploads\/2022\/12\/michael-wilson-Wp7wotWlbBk-unsplash-1536x1024.jpg 1536w, https:\/\/www.afminvest.cz\/wp-content\/uploads\/2022\/12\/michael-wilson-Wp7wotWlbBk-unsplash-2048x1365.jpg 2048w, https:\/\/www.afminvest.cz\/wp-content\/uploads\/2022\/12\/michael-wilson-Wp7wotWlbBk-unsplash-930x620.jpg 930w\" sizes=\"(max-width: 2400px) 100vw, 2400px\" \/>\t\t\t\t\t\t\t\t\t\t\t\t\t\t\t<\/div>\n\t\t\t\t<\/div>\n\t\t\t\t\t<\/div>\n\t\t<\/div>\n\t\t\t\t<div class=\"elementor-column elementor-col-33 elementor-top-column elementor-element elementor-element-675d68d\" data-id=\"675d68d\" data-element_type=\"column\" data-e-type=\"column\">\n\t\t\t<div class=\"elementor-widget-wrap elementor-element-populated\">\n\t\t\t\t\t\t<div class=\"elementor-element elementor-element-9976721 elementor-widget elementor-widget-image\" data-id=\"9976721\" data-element_type=\"widget\" data-e-type=\"widget\" data-widget_type=\"image.default\">\n\t\t\t\t<div class=\"elementor-widget-container\">\n\t\t\t\t\t\t\t\t\t\t\t\t\t\t\t<img decoding=\"async\" width=\"2400\" height=\"1799\" src=\"https:\/\/www.afminvest.cz\/wp-content\/uploads\/2022\/12\/shane-mclendon-EN1tF2EG-50-unsplash.jpg\" class=\"attachment-full size-full wp-image-2008\" alt=\"\" srcset=\"https:\/\/www.afminvest.cz\/wp-content\/uploads\/2022\/12\/shane-mclendon-EN1tF2EG-50-unsplash.jpg 2400w, https:\/\/www.afminvest.cz\/wp-content\/uploads\/2022\/12\/shane-mclendon-EN1tF2EG-50-unsplash-300x225.jpg 300w, https:\/\/www.afminvest.cz\/wp-content\/uploads\/2022\/12\/shane-mclendon-EN1tF2EG-50-unsplash-1024x768.jpg 1024w, https:\/\/www.afminvest.cz\/wp-content\/uploads\/2022\/12\/shane-mclendon-EN1tF2EG-50-unsplash-768x576.jpg 768w, https:\/\/www.afminvest.cz\/wp-content\/uploads\/2022\/12\/shane-mclendon-EN1tF2EG-50-unsplash-1536x1151.jpg 1536w, https:\/\/www.afminvest.cz\/wp-content\/uploads\/2022\/12\/shane-mclendon-EN1tF2EG-50-unsplash-2048x1535.jpg 2048w\" sizes=\"(max-width: 2400px) 100vw, 2400px\" \/>\t\t\t\t\t\t\t\t\t\t\t\t\t\t\t<\/div>\n\t\t\t\t<\/div>\n\t\t\t\t\t<\/div>\n\t\t<\/div>\n\t\t\t\t<div class=\"elementor-column elementor-col-33 elementor-top-column elementor-element elementor-element-3acac51\" data-id=\"3acac51\" data-element_type=\"column\" data-e-type=\"column\">\n\t\t\t<div class=\"elementor-widget-wrap elementor-element-populated\">\n\t\t\t\t\t\t<div class=\"elementor-element elementor-element-1f4af39 elementor-widget elementor-widget-image\" data-id=\"1f4af39\" data-element_type=\"widget\" data-e-type=\"widget\" data-widget_type=\"image.default\">\n\t\t\t\t<div class=\"elementor-widget-container\">\n\t\t\t\t\t\t\t\t\t\t\t\t\t\t\t<img decoding=\"async\" width=\"1024\" height=\"746\" src=\"https:\/\/www.afminvest.cz\/wp-content\/uploads\/2022\/12\/josue-isai-ramos-figueroa-qvBYnMuNJ9A-unsplash-1024x746.jpg\" class=\"attachment-large size-large wp-image-2009\" alt=\"\" srcset=\"https:\/\/www.afminvest.cz\/wp-content\/uploads\/2022\/12\/josue-isai-ramos-figueroa-qvBYnMuNJ9A-unsplash-1024x746.jpg 1024w, https:\/\/www.afminvest.cz\/wp-content\/uploads\/2022\/12\/josue-isai-ramos-figueroa-qvBYnMuNJ9A-unsplash-300x219.jpg 300w, https:\/\/www.afminvest.cz\/wp-content\/uploads\/2022\/12\/josue-isai-ramos-figueroa-qvBYnMuNJ9A-unsplash-768x559.jpg 768w, https:\/\/www.afminvest.cz\/wp-content\/uploads\/2022\/12\/josue-isai-ramos-figueroa-qvBYnMuNJ9A-unsplash-1536x1119.jpg 1536w, https:\/\/www.afminvest.cz\/wp-content\/uploads\/2022\/12\/josue-isai-ramos-figueroa-qvBYnMuNJ9A-unsplash-2048x1492.jpg 2048w\" sizes=\"(max-width: 1024px) 100vw, 1024px\" \/>\t\t\t\t\t\t\t\t\t\t\t\t\t\t\t<\/div>\n\t\t\t\t<\/div>\n\t\t\t\t\t<\/div>\n\t\t<\/div>\n\t\t\t\t\t<\/div>\n\t\t<\/section>\n\t\t\t\t<section class=\"elementor-section elementor-top-section elementor-element elementor-element-781e986 elementor-section-boxed elementor-section-height-default elementor-section-height-default\" data-id=\"781e986\" data-element_type=\"section\" data-e-type=\"section\">\n\t\t\t\t\t\t<div class=\"elementor-container elementor-column-gap-default\">\n\t\t\t\t\t<div class=\"elementor-column elementor-col-100 elementor-top-column elementor-element elementor-element-621a03e\" data-id=\"621a03e\" data-element_type=\"column\" data-e-type=\"column\">\n\t\t\t<div class=\"elementor-widget-wrap\">\n\t\t\t\t\t\t\t<\/div>\n\t\t<\/div>\n\t\t\t\t\t<\/div>\n\t\t<\/section>\n\t\t\t\t<\/div>\n\t\t","protected":false},"excerpt":{"rendered":"<p>AFM Invest s. r. o. V\u00e1\u0161 spolehliv\u00fd partner Energetika Stavebnictv\u00ed Pracovn\u00ed agentura O n\u00e1s AFM Invest s. r. o. je stavebn\u00ed spole\u010dnost zab\u00fdvaj\u00edc\u00ed se realizac\u00ed fotovoltaick\u00fdch syst\u00e9m\u016f, stavebnictv\u00edm a zprost\u0159edkov\u00e1n\u00edm zaj\u00edmav\u00fdch pracovn\u00edch p\u0159\u00edle\u017eitost\u00ed. V\u00edce<\/p>\n","protected":false},"author":1,"featured_media":0,"parent":0,"menu_order":0,"comment_status":"closed","ping_status":"closed","template":"","meta":{"site-sidebar-layout":"no-sidebar","site-content-layout":"page-builder","ast-global-header-display":"","ast-main-header-display":"","ast-hfb-above-header-display":"","ast-hfb-below-header-display":"","ast-hfb-mobile-header-display":"","site-post-title":"disabled","ast-breadcrumbs-content":"disabled","ast-featured-img":"disabled","footer-sml-layout":"","theme-transparent-header-meta":"enabled","adv-header-id-meta":"","stick-header-meta":"","header-above-stick-meta":"","header-main-stick-meta":"","header-below-stick-meta":"","_ti_tpc_template_sync":false,"_ti_tpc_template_id":"","footnotes":""},"class_list":["post-1923","page","type-page","status-publish","hentry"],"_links":{"self":[{"href":"https:\/\/www.afminvest.cz\/index.php?rest_route=\/wp\/v2\/pages\/1923","targetHints":{"allow":["GET"]}}],"collection":[{"href":"https:\/\/www.afminvest.cz\/index.php?rest_route=\/wp\/v2\/pages"}],"about":[{"href":"https:\/\/www.afminvest.cz\/index.php?rest_route=\/wp\/v2\/types\/page"}],"author":[{"embeddable":true,"href":"https:\/\/www.afminvest.cz\/index.php?rest_route=\/wp\/v2\/users\/1"}],"replies":[{"embeddable":true,"href":"https:\/\/www.afminvest.cz\/index.php?rest_route=%2Fwp%2Fv2%2Fcomments&post=1923"}],"version-history":[{"count":67,"href":"https:\/\/www.afminvest.cz\/index.php?rest_route=\/wp\/v2\/pages\/1923\/revisions"}],"predecessor-version":[{"id":2127,"href":"https:\/\/www.afminvest.cz\/index.php?rest_route=\/wp\/v2\/pages\/1923\/revisions\/2127"}],"wp:attachment":[{"href":"https:\/\/www.afminvest.cz\/index.php?rest_route=%2Fwp%2Fv2%2Fmedia&parent=1923"}],"curies":[{"name":"wp","href":"https:\/\/api.w.org\/{rel}","templated":true}]}}