{"id":44,"date":"2022-12-04T13:21:51","date_gmt":"2022-12-04T13:21:51","guid":{"rendered":"https:\/\/www.afminvest.cz\/?page_id=44"},"modified":"2022-12-24T21:42:55","modified_gmt":"2022-12-24T21:42:55","slug":"pracovni-agentura","status":"publish","type":"page","link":"https:\/\/www.afminvest.cz\/?page_id=44","title":{"rendered":"Pracovn\u00ed agentura"},"content":{"rendered":"\t\t<div data-elementor-type=\"wp-page\" data-elementor-id=\"44\" class=\"elementor elementor-44\">\n\t\t\t\t\t\t<section class=\"elementor-section elementor-top-section elementor-element elementor-element-3367d9f4 elementor-section-boxed elementor-section-height-default elementor-section-height-default\" data-id=\"3367d9f4\" data-element_type=\"section\" data-e-type=\"section\" data-settings=\"{&quot;background_background&quot;:&quot;classic&quot;}\">\n\t\t\t\t\t\t\t<div class=\"elementor-background-overlay\"><\/div>\n\t\t\t\t\t\t\t<div class=\"elementor-container elementor-column-gap-no\">\n\t\t\t\t\t<div class=\"elementor-column elementor-col-100 elementor-top-column elementor-element elementor-element-e6396a9\" data-id=\"e6396a9\" data-element_type=\"column\" data-e-type=\"column\">\n\t\t\t<div class=\"elementor-widget-wrap elementor-element-populated\">\n\t\t\t\t\t\t<div class=\"elementor-element elementor-element-67de0aff elementor-widget elementor-widget-icon-box\" data-id=\"67de0aff\" data-element_type=\"widget\" data-e-type=\"widget\" data-widget_type=\"icon-box.default\">\n\t\t\t\t<div class=\"elementor-widget-container\">\n\t\t\t\t\t\t\t<div class=\"elementor-icon-box-wrapper\">\n\n\t\t\t\n\t\t\t\t\t\t<div class=\"elementor-icon-box-content\">\n\n\t\t\t\t\t\t\t\t\t<h1 class=\"elementor-icon-box-title\">\n\t\t\t\t\t\t<span  >\n\t\t\t\t\t\t\tPracovn\u00ed agentura\t\t\t\t\t\t<\/span>\n\t\t\t\t\t<\/h1>\n\t\t\t\t\n\t\t\t\t\n\t\t\t<\/div>\n\t\t\t\n\t\t<\/div>\n\t\t\t\t\t\t<\/div>\n\t\t\t\t<\/div>\n\t\t\t\t\t<\/div>\n\t\t<\/div>\n\t\t\t\t\t<\/div>\n\t\t<\/section>\n\t\t\t\t<section class=\"elementor-section elementor-top-section elementor-element elementor-element-9315d0b elementor-section-boxed elementor-section-height-default elementor-section-height-default\" data-id=\"9315d0b\" data-element_type=\"section\" data-e-type=\"section\" data-settings=\"{&quot;background_background&quot;:&quot;classic&quot;}\">\n\t\t\t\t\t\t<div class=\"elementor-container elementor-column-gap-default\">\n\t\t\t\t\t<div class=\"elementor-column elementor-col-100 elementor-top-column elementor-element elementor-element-6e9099a\" data-id=\"6e9099a\" data-element_type=\"column\" data-e-type=\"column\">\n\t\t\t<div class=\"elementor-widget-wrap elementor-element-populated\">\n\t\t\t\t\t\t<div class=\"elementor-element elementor-element-838bb73 elementor-widget elementor-widget-heading\" data-id=\"838bb73\" data-element_type=\"widget\" data-e-type=\"widget\" data-widget_type=\"heading.default\">\n\t\t\t\t<div class=\"elementor-widget-container\">\n\t\t\t\t\t<h4 class=\"elementor-heading-title elementor-size-default\">Pom\u016f\u017eeme V\u00e1m vy\u0159e\u0161it do\u010dasn\u00fd i trvalej\u0161\u00ed nedostatek pracovn\u00edch sil.<\/h4>\t\t\t\t<\/div>\n\t\t\t\t<\/div>\n\t\t\t\t<div class=\"elementor-element elementor-element-d1540a6 elementor-widget elementor-widget-text-editor\" data-id=\"d1540a6\" data-element_type=\"widget\" data-e-type=\"widget\" data-widget_type=\"text-editor.default\">\n\t\t\t\t<div class=\"elementor-widget-container\">\n\t\t\t\t\t\t\t\t\t<p>Sestav\u00edme pracovn\u00ed t\u00fdm podle Va\u0161ich po\u017eadavk\u016f (od men\u0161\u00edho po v\u011bt\u0161\u00ed), zast\u0159e\u0161\u00edme \u0161kolen\u00ed pracovn\u00edk\u016f, dopravu zam\u011bstnanc\u016f, ubytov\u00e1n\u00ed a administrativu. Neseme odpov\u011bdnost za sledv\u00e1n\u00ed legislativy a pln\u00fd soulad proces\u016f s jej\u00edmi po\u017eadavky. Vy se tak m\u016f\u017eete v\u011bnovat sv\u00e9mu podnik\u00e1n\u00ed.\u00a0<\/p>\t\t\t\t\t\t\t\t<\/div>\n\t\t\t\t<\/div>\n\t\t\t\t\t<\/div>\n\t\t<\/div>\n\t\t\t\t\t<\/div>\n\t\t<\/section>\n\t\t\t\t<section class=\"elementor-section elementor-top-section elementor-element elementor-element-023d0bf elementor-section-boxed elementor-section-height-default elementor-section-height-default\" data-id=\"023d0bf\" data-element_type=\"section\" data-e-type=\"section\" data-settings=\"{&quot;background_background&quot;:&quot;classic&quot;}\">\n\t\t\t\t\t\t<div class=\"elementor-container elementor-column-gap-default\">\n\t\t\t\t\t<div class=\"elementor-column elementor-col-100 elementor-top-column elementor-element elementor-element-fb9aac2\" data-id=\"fb9aac2\" data-element_type=\"column\" data-e-type=\"column\">\n\t\t\t<div class=\"elementor-widget-wrap elementor-element-populated\">\n\t\t\t\t\t\t<div class=\"elementor-element elementor-element-bc754d3 elementor-widget elementor-widget-heading\" data-id=\"bc754d3\" data-element_type=\"widget\" data-e-type=\"widget\" data-widget_type=\"heading.default\">\n\t\t\t\t<div class=\"elementor-widget-container\">\n\t\t\t\t\t<h2 class=\"elementor-heading-title elementor-size-default\">Kdy vyu\u017e\u00edt tuto slu\u017ebu?<\/h2>\t\t\t\t<\/div>\n\t\t\t\t<\/div>\n\t\t\t\t<div class=\"elementor-element elementor-element-198eec4 elementor-widget elementor-widget-text-editor\" data-id=\"198eec4\" data-element_type=\"widget\" data-e-type=\"widget\" data-widget_type=\"text-editor.default\">\n\t\t\t\t<div class=\"elementor-widget-container\">\n\t\t\t\t\t\t\t\t\t<ul><li>nedostatek pracovn\u00edch sil<\/li><li>n\u00e1hl\u00fd n\u00e1bor v\u011bt\u0161\u00edho mno\u017estv\u00ed pracovn\u00edk\u016f<\/li><li>nestabiln\u00ed po\u010det zam\u011bstnanc\u016f b\u011bhem roku<\/li><\/ul>\t\t\t\t\t\t\t\t<\/div>\n\t\t\t\t<\/div>\n\t\t\t\t\t<\/div>\n\t\t<\/div>\n\t\t\t\t\t<\/div>\n\t\t<\/section>\n\t\t\t\t<section class=\"elementor-section elementor-top-section elementor-element elementor-element-5ffd4aa elementor-section-boxed elementor-section-height-default elementor-section-height-default\" data-id=\"5ffd4aa\" data-element_type=\"section\" data-e-type=\"section\" data-settings=\"{&quot;background_background&quot;:&quot;classic&quot;}\">\n\t\t\t\t\t\t<div class=\"elementor-container elementor-column-gap-default\">\n\t\t\t\t\t<div class=\"elementor-column elementor-col-100 elementor-top-column elementor-element elementor-element-e18646a\" data-id=\"e18646a\" data-element_type=\"column\" data-e-type=\"column\">\n\t\t\t<div class=\"elementor-widget-wrap elementor-element-populated\">\n\t\t\t\t\t\t<div class=\"elementor-element elementor-element-e5d8ee9 elementor-widget elementor-widget-heading\" data-id=\"e5d8ee9\" data-element_type=\"widget\" data-e-type=\"widget\" data-widget_type=\"heading.default\">\n\t\t\t\t<div class=\"elementor-widget-container\">\n\t\t\t\t\t<h2 class=\"elementor-heading-title elementor-size-default\">Co je p\u0159\u00ednosem?<\/h2>\t\t\t\t<\/div>\n\t\t\t\t<\/div>\n\t\t\t\t<div class=\"elementor-element elementor-element-0474a0c elementor-widget elementor-widget-text-editor\" data-id=\"0474a0c\" data-element_type=\"widget\" data-e-type=\"widget\" data-widget_type=\"text-editor.default\">\n\t\t\t\t<div class=\"elementor-widget-container\">\n\t\t\t\t\t\t\t\t\t<ul><li>zaji\u0161t\u011bn\u00ed plynul\u00e9ho provozu firmy<\/li><li>pln\u00e1 kontrola nad pracovn\u00ed silou<\/li><li>trvalou a zaru\u010denou legislativn\u00ed korektnost<\/li><\/ul>\t\t\t\t\t\t\t\t<\/div>\n\t\t\t\t<\/div>\n\t\t\t\t\t<\/div>\n\t\t<\/div>\n\t\t\t\t\t<\/div>\n\t\t<\/section>\n\t\t\t\t<\/div>\n\t\t","protected":false},"excerpt":{"rendered":"<p>Pracovn\u00ed agentura Pom\u016f\u017eeme V\u00e1m vy\u0159e\u0161it do\u010dasn\u00fd i trvalej\u0161\u00ed nedostatek pracovn\u00edch sil. Sestav\u00edme pracovn\u00ed t\u00fdm podle Va\u0161ich po\u017eadavk\u016f (od men\u0161\u00edho po v\u011bt\u0161\u00ed), zast\u0159e\u0161\u00edme \u0161kolen\u00ed pracovn\u00edk\u016f, dopravu zam\u011bstnanc\u016f, ubytov\u00e1n\u00ed a administrativu. Neseme odpov\u011bdnost za sledv\u00e1n\u00ed legislativy a pln\u00fd soulad proces\u016f s jej\u00edmi po\u017eadavky. Vy se tak m\u016f\u017eete v\u011bnovat sv\u00e9mu podnik\u00e1n\u00ed.\u00a0 Kdy vyu\u017e\u00edt tuto slu\u017ebu? nedostatek pracovn\u00edch sil &hellip;<\/p>\n<p class=\"read-more\"> <a class=\"\" href=\"https:\/\/www.afminvest.cz\/?page_id=44\"> <span class=\"screen-reader-text\">Pracovn\u00ed agentura<\/span> Pokra\u010dovat ve \u010dten\u00ed &raquo;<\/a><\/p>\n","protected":false},"author":1,"featured_media":0,"parent":0,"menu_order":0,"comment_status":"closed","ping_status":"closed","template":"","meta":{"site-sidebar-layout":"no-sidebar","site-content-layout":"page-builder","ast-global-header-display":"","ast-main-header-display":"","ast-hfb-above-header-display":"","ast-hfb-below-header-display":"","ast-hfb-mobile-header-display":"","site-post-title":"disabled","ast-breadcrumbs-content":"","ast-featured-img":"disabled","footer-sml-layout":"","theme-transparent-header-meta":"","adv-header-id-meta":"","stick-header-meta":"","header-above-stick-meta":"","header-main-stick-meta":"","header-below-stick-meta":"","_ti_tpc_template_sync":false,"_ti_tpc_template_id":"","footnotes":""},"class_list":["post-44","page","type-page","status-publish","hentry"],"_links":{"self":[{"href":"https:\/\/www.afminvest.cz\/index.php?rest_route=\/wp\/v2\/pages\/44","targetHints":{"allow":["GET"]}}],"collection":[{"href":"https:\/\/www.afminvest.cz\/index.php?rest_route=\/wp\/v2\/pages"}],"about":[{"href":"https:\/\/www.afminvest.cz\/index.php?rest_route=\/wp\/v2\/types\/page"}],"author":[{"embeddable":true,"href":"https:\/\/www.afminvest.cz\/index.php?rest_route=\/wp\/v2\/users\/1"}],"replies":[{"embeddable":true,"href":"https:\/\/www.afminvest.cz\/index.php?rest_route=%2Fwp%2Fv2%2Fcomments&post=44"}],"version-history":[{"count":10,"href":"https:\/\/www.afminvest.cz\/index.php?rest_route=\/wp\/v2\/pages\/44\/revisions"}],"predecessor-version":[{"id":2134,"href":"https:\/\/www.afminvest.cz\/index.php?rest_route=\/wp\/v2\/pages\/44\/revisions\/2134"}],"wp:attachment":[{"href":"https:\/\/www.afminvest.cz\/index.php?rest_route=%2Fwp%2Fv2%2Fmedia&parent=44"}],"curies":[{"name":"wp","href":"https:\/\/api.w.org\/{rel}","templated":true}]}}